{"id":188,"date":"2025-09-18T21:50:47","date_gmt":"2025-09-18T21:50:47","guid":{"rendered":"http:\/\/www.foroefyd.es\/?page_id=188"},"modified":"2025-09-18T21:59:05","modified_gmt":"2025-09-18T21:59:05","slug":"jornadas-del-profesorado-educacion-fisica-inclusiva","status":"publish","type":"page","link":"http:\/\/www.foroefyd.es\/?page_id=188","title":{"rendered":"Jornadas del profesorado: Educaci\u00f3n F\u00edsica Inclusiva"},"content":{"rendered":"\n<p>El pr\u00f3ximo <strong>viernes 3 de octubre<\/strong> de 2025 tendr\u00e1 lugar en el <a href=\"https:\/\/web.murciaeduca.es\/30011697\/\">IES Ram\u00f3n Arcas Meca<\/a> de Lorca una jornada de formaci\u00f3n del profesorado dedicada a la Educaci\u00f3n F\u00edsica Inclusiva.<\/p>\n\n\n\n<p>La <strong><a href=\"http:\/\/inclusivarm.com\">Direcci\u00f3n General de Atenci\u00f3n a la Diversidad de la Regi\u00f3n de Murcia<\/a><\/strong> se ha volcado para que esta actuaci\u00f3n formativa sea una realidad el 3 de octubre en Lorca, dando la posibilidad a m\u00e1s de 200 docentes especialistas de Educaci\u00f3n F\u00edsica para progresar en el camino de la inclusi\u00f3n educativa. <\/p>\n\n\n\n<p>El <a href=\"http:\/\/foroefyd.es\">Foro de Educaci\u00f3n F\u00edsica y Deporte de Lorca<\/a> te invita a que realices la inscripci\u00f3n a esta formaci\u00f3n tan valiosa, certificadle para los docentes de la Regi\u00f3n de Murcia, y tambi\u00e9n abierta a otras personas relacionadas con la educaci\u00f3n interesadas en la misma.<\/p>\n\n\n\n<p><strong>INSCRIPCI\u00d3N<\/strong> PARA DOCENTES DE LA REGI\u00d3N DE MURCIA:<\/p>\n\n\n\n<p>C\u00f3digo Actividad 0275<\/p>\n\n\n\n<p>Plazo de solicitud hasta el 28\/09<\/p>\n\n\n\n<p>Enlace a <a href=\"https:\/\/servicios.educarm.es\/admin\/index2.php?aplicacion=ACTIVIDADES_FORMACION_PUBLICA&amp;module=actividadesFormacion&amp;action=index&amp;cod_unificado=30300001027526&amp;modo=detalleActividad\">informaci\u00f3n de Educarm<\/a>.<\/p>\n\n\n\n<p><\/p>\n\n\n\n<p><strong>INSCRIPCI\u00d3N PARA NO DOCENTES O DOCENTES DE OTRAS COMUNIDADES<\/strong>:<\/p>\n\n\n\n<p>A trav\u00e9s de este <a href=\"https:\/\/docs.google.com\/forms\/d\/e\/1FAIpQLSdZb4zLdjvm10Swhrwnf_M256itiMPigjkWPVJKjLz6GkAdDw\/viewform\">formulario<\/a>. Plazo de solicitud hasta el 28\/09<\/p>\n\n\n\n<figure class=\"wp-block-image size-large\"><img loading=\"lazy\" width=\"707\" height=\"1024\" src=\"http:\/\/www.foroefyd.es\/wp-content\/uploads\/2025\/09\/Educacion-Fisica-Inclusiva-Lorca-3-octubre-2025-Foro-Direccion-General-Atencion-a-la-Diversidad-Murcia-707x1024.jpg\" alt=\"\" class=\"wp-image-189\" srcset=\"http:\/\/www.foroefyd.es\/wp-content\/uploads\/2025\/09\/Educacion-Fisica-Inclusiva-Lorca-3-octubre-2025-Foro-Direccion-General-Atencion-a-la-Diversidad-Murcia-707x1024.jpg 707w, http:\/\/www.foroefyd.es\/wp-content\/uploads\/2025\/09\/Educacion-Fisica-Inclusiva-Lorca-3-octubre-2025-Foro-Direccion-General-Atencion-a-la-Diversidad-Murcia-207x300.jpg 207w, http:\/\/www.foroefyd.es\/wp-content\/uploads\/2025\/09\/Educacion-Fisica-Inclusiva-Lorca-3-octubre-2025-Foro-Direccion-General-Atencion-a-la-Diversidad-Murcia-768x1113.jpg 768w, http:\/\/www.foroefyd.es\/wp-content\/uploads\/2025\/09\/Educacion-Fisica-Inclusiva-Lorca-3-octubre-2025-Foro-Direccion-General-Atencion-a-la-Diversidad-Murcia-1060x1536.jpg 1060w, http:\/\/www.foroefyd.es\/wp-content\/uploads\/2025\/09\/Educacion-Fisica-Inclusiva-Lorca-3-octubre-2025-Foro-Direccion-General-Atencion-a-la-Diversidad-Murcia.jpg 1095w\" sizes=\"(max-width: 707px) 100vw, 707px\" \/><\/figure>\n\n\n\n<p><\/p>\n\n\n\n<figure class=\"wp-block-image size-large\"><img loading=\"lazy\" width=\"512\" height=\"1024\" src=\"http:\/\/www.foroefyd.es\/wp-content\/uploads\/2025\/09\/Programa-Educacion-Fisica-Inclusiva-Lorca-3-octubre-2025-512x1024.jpg\" alt=\"\" class=\"wp-image-190\" srcset=\"http:\/\/www.foroefyd.es\/wp-content\/uploads\/2025\/09\/Programa-Educacion-Fisica-Inclusiva-Lorca-3-octubre-2025-512x1024.jpg 512w, http:\/\/www.foroefyd.es\/wp-content\/uploads\/2025\/09\/Programa-Educacion-Fisica-Inclusiva-Lorca-3-octubre-2025-150x300.jpg 150w, http:\/\/www.foroefyd.es\/wp-content\/uploads\/2025\/09\/Programa-Educacion-Fisica-Inclusiva-Lorca-3-octubre-2025.jpg 640w\" sizes=\"(max-width: 512px) 100vw, 512px\" \/><\/figure>\n","protected":false},"excerpt":{"rendered":"<div class=\"mh-excerpt\"><p>El pr\u00f3ximo viernes 3 de octubre de 2025 tendr\u00e1 lugar en el IES Ram\u00f3n Arcas Meca de Lorca una jornada de formaci\u00f3n del profesorado dedicada <a class=\"mh-excerpt-more\" href=\"http:\/\/www.foroefyd.es\/?page_id=188\" title=\"Jornadas del profesorado: Educaci\u00f3n F\u00edsica Inclusiva\">[&#8230;]<\/a><\/p>\n<\/div>","protected":false},"author":1,"featured_media":0,"parent":0,"menu_order":0,"comment_status":"closed","ping_status":"closed","template":"","meta":[],"_links":{"self":[{"href":"http:\/\/www.foroefyd.es\/index.php?rest_route=\/wp\/v2\/pages\/188"}],"collection":[{"href":"http:\/\/www.foroefyd.es\/index.php?rest_route=\/wp\/v2\/pages"}],"about":[{"href":"http:\/\/www.foroefyd.es\/index.php?rest_route=\/wp\/v2\/types\/page"}],"author":[{"embeddable":true,"href":"http:\/\/www.foroefyd.es\/index.php?rest_route=\/wp\/v2\/users\/1"}],"replies":[{"embeddable":true,"href":"http:\/\/www.foroefyd.es\/index.php?rest_route=%2Fwp%2Fv2%2Fcomments&post=188"}],"version-history":[{"count":3,"href":"http:\/\/www.foroefyd.es\/index.php?rest_route=\/wp\/v2\/pages\/188\/revisions"}],"predecessor-version":[{"id":194,"href":"http:\/\/www.foroefyd.es\/index.php?rest_route=\/wp\/v2\/pages\/188\/revisions\/194"}],"wp:attachment":[{"href":"http:\/\/www.foroefyd.es\/index.php?rest_route=%2Fwp%2Fv2%2Fmedia&parent=188"}],"curies":[{"name":"wp","href":"https:\/\/api.w.org\/{rel}","templated":true}]}}