{"id":180,"date":"2025-02-09T10:41:20","date_gmt":"2025-02-09T10:41:20","guid":{"rendered":"http:\/\/www.foroefyd.es\/?page_id=180"},"modified":"2025-02-09T12:50:11","modified_gmt":"2025-02-09T12:50:11","slug":"encuentro-de-semana-santa-2025","status":"publish","type":"page","link":"http:\/\/www.foroefyd.es\/?page_id=180","title":{"rendered":"Encuentro de Semana Santa 2025"},"content":{"rendered":"\n<p>El pr\u00f3ximo <strong>mi\u00e9rcoles 16 de abril de 2025<\/strong> se celebrar\u00e1 el tradicional encuentro de Semana Santa del Foro de Educaci\u00f3n F\u00edsica y Deporte de Lorca, en el <strong>Sal\u00f3n de actos de la C\u00e1mara Oficial de Comercio e Industria<\/strong>.<\/p>\n\n\n\n<p>Carmen Peir\u00f3 Velert y Jos\u00e9 Dev\u00eds Dev\u00eds ser\u00e1n los ponentes principales de la jornada.<\/p>\n\n\n\n<figure class=\"wp-block-image\"><img alt=\"\"\/><\/figure>\n\n\n\n<p>Para inscribirte puedes utilizar tu dispositivo m\u00f3vil para leer el c\u00f3digo QR que encuentras en el cartel o directamente sobre este <a href=\"https:\/\/forms.gle\/sab7r2TwKjANrQrV7\">enlace<\/a>.<\/p>\n\n\n\n<p class=\"has-normal-font-size\">\u00a1TE ESPERAMOS!<\/p>\n","protected":false},"excerpt":{"rendered":"<div class=\"mh-excerpt\"><p>El pr\u00f3ximo mi\u00e9rcoles 16 de abril de 2025 se celebrar\u00e1 el tradicional encuentro de Semana Santa del Foro de Educaci\u00f3n F\u00edsica y Deporte de Lorca, <a class=\"mh-excerpt-more\" href=\"http:\/\/www.foroefyd.es\/?page_id=180\" title=\"Encuentro de Semana Santa 2025\">[&#8230;]<\/a><\/p>\n<\/div>","protected":false},"author":1,"featured_media":0,"parent":0,"menu_order":0,"comment_status":"closed","ping_status":"closed","template":"","meta":[],"_links":{"self":[{"href":"http:\/\/www.foroefyd.es\/index.php?rest_route=\/wp\/v2\/pages\/180"}],"collection":[{"href":"http:\/\/www.foroefyd.es\/index.php?rest_route=\/wp\/v2\/pages"}],"about":[{"href":"http:\/\/www.foroefyd.es\/index.php?rest_route=\/wp\/v2\/types\/page"}],"author":[{"embeddable":true,"href":"http:\/\/www.foroefyd.es\/index.php?rest_route=\/wp\/v2\/users\/1"}],"replies":[{"embeddable":true,"href":"http:\/\/www.foroefyd.es\/index.php?rest_route=%2Fwp%2Fv2%2Fcomments&post=180"}],"version-history":[{"count":3,"href":"http:\/\/www.foroefyd.es\/index.php?rest_route=\/wp\/v2\/pages\/180\/revisions"}],"predecessor-version":[{"id":186,"href":"http:\/\/www.foroefyd.es\/index.php?rest_route=\/wp\/v2\/pages\/180\/revisions\/186"}],"wp:attachment":[{"href":"http:\/\/www.foroefyd.es\/index.php?rest_route=%2Fwp%2Fv2%2Fmedia&parent=180"}],"curies":[{"name":"wp","href":"https:\/\/api.w.org\/{rel}","templated":true}]}}